{"id":906,"date":"2015-02-10T10:32:38","date_gmt":"2015-02-10T08:32:38","guid":{"rendered":"http:\/\/www.schneebeli.com\/fr\/impressum\/"},"modified":"2015-11-13T13:40:45","modified_gmt":"2015-11-13T11:40:45","slug":"impressum","status":"publish","type":"page","link":"https:\/\/www.schneebeli.com\/fr\/impressum\/","title":{"rendered":"Impressum"},"content":{"rendered":"<h1>Impressum, rechtliche Hinweise<\/h1>\n<h2>Herausgeber<\/h2>\n<p>Schneebeli Metallbau AG<\/p>\n<h2>Konzept, Gestaltung, Realisation<\/h2>\n<p><a href=\"http:\/\/schmucki.agency\" target=\"_blank\">Schmucki Agentur f\u00fcr Kommunikation AG, Wetzikon<\/a><\/p>\n<h2>Fotos<\/h2>\n<p>Archiv Schneebeli Metallbau AG<\/p>\n<p>Der gesamte Inhalt dieser Website ist urheberrechtlich gesch\u00fctzt. Das Abspeichern oder Ausdrucken einzelner Seiten und\/oder Teilbereiche dieser Website ist gestattet, sofern weder die Copyrightvermerke noch andere gesetzlich gesch\u00fctzte Bezeichnungen entfernt werden. Mit dem Abspeichern oder anderweitigem Vervielf\u00e4ltigen von Daten auf dieser Website gelten die jeweiligen Benutzungsbestimmungen als akzeptiert. S\u00e4mtliche Eigentumsrechte verbleiben bei der Schneebeli Metallbau AG und den o.e. Urhebern. Das (vollst\u00e4ndige oder teilweise) Reproduzieren, \u00dcbermitteln (elektronisch oder mit anderen Mitteln), Modifizieren, Verkn\u00fcpfen oder Benutzen dieser Website f\u00fcr \u00f6ffentliche oder kommerzielle Zwecke ist ohne vorherige schriftliche Zustimmung der Schneebeli Metallbau AG untersagt.<\/p>\n<h2>Disclaimer (Beschr\u00e4nkung der Verantwortlichkeit)<\/h2>\n<p>Die Website www.schneebeli.com ist das Internetportal der Firma Schneebeli Metallbau AG. Personen, welche auf Websites der Schneebeli Metallbau AG zugreifen und Informationen abrufen, erkl\u00e4ren sich mit den nachfolgenden Bestimmungen einverstanden.<\/p>\n<h2>Benutzung der Websites<\/h2>\n<p>Die Schneebeli Metallbau AG unternimmt alle Anstrengungen, um einen sicheren Betrieb der Websites sicherzustellen. Dennoch k\u00f6nnen M\u00e4ngel wie z.B. Datenverlust oder Verf\u00e4lschung, Virenbefall, Betriebsunterbruch etc. nicht ausgeschlossen werden. Der Zugriff auf die Websites erfolgt deshalb auf eigene Gefahr und in eigener Verantwortung.<\/p>\n<h2>Haftungsausschluss<\/h2>\n<p>Die Schneebeli Metallbau AG lehnt jegliche Haftung f\u00fcr Sch\u00e4den oder Folgesch\u00e4den ab, die sich aus dem Zugriff auf ihre Website beziehungsweise auf einzelne Teile davon (wie z.B. heruntergeladene Dokumente), deren Benutzung (bzw. aus der Unm\u00f6glichkeit des Zugriffs oder der Benutzung) oder Links auf andere Websites ergeben.<\/p>\n<h2>Gew\u00e4hrleistungsausschluss<\/h2>\n<p>Die Schneebeli Metallbau AG verwendet all ihre Sorgfalt darauf, dass die Informationen auf den Websites zum Zeitpunkt der Ver\u00f6ffentlichung korrekt und aktuell sind und keine Rechte Dritter (insbesondere Rechte des Pers\u00f6nlichkeitsschutzes) verletzen. Dennoch kann die Schneebeli Metallbau AG keine Gew\u00e4hrleistung hinsichtlich der Genauigkeit, Zuverl\u00e4ssigkeit oder Vollst\u00e4ndigkeit der Informationen machen.<\/p>\n<h2>Verkn\u00fcpfte Websites (Links)<\/h2>\n<p>Die Websites enthalten zum Teil Links zu Websites von Dritten. Schneebeli Metallbau AG \u00fcbernimmt f\u00fcr deren Inhalt, den darauf angebotenen Produkten, Dienstleistungen oder sonstigen Angeboten sowie f\u00fcr die Einhaltung von Datenschutzbestimmungen keine Verantwortung. Das Aktivieren eines Links erfolgt auf eigene Verantwortung.<\/p>\n<p>\u00a9 Copyright Schneebeli Metallbau AG \u2013 alle Rechte vorbehalten.<\/p>\n","protected":false},"excerpt":{"rendered":"<p>Impressum, rechtliche Hinweise Herausgeber Schneebeli Metallbau AG Konzept, Gestaltung, Realisation Schmucki Agentur f\u00fcr Kommunikation AG, Wetzikon Fotos Archiv Schneebeli Metallbau AG Der gesamte Inhalt dieser Website ist urheberrechtlich gesch\u00fctzt. Das Abspeichern oder Ausdrucken einzelner Seiten und\/oder Teilbereiche dieser Website ist gestattet, sofern weder die Copyrightvermerke noch andere gesetzlich gesch\u00fctzte Bezeichnungen entfernt werden. Mit dem Abspeichern&#8230;<\/p>\n","protected":false},"author":11,"featured_media":0,"parent":0,"menu_order":17,"comment_status":"closed","ping_status":"closed","template":"","meta":[],"acf":[],"yoast_head":"<!-- This site is optimized with the Yoast SEO plugin v21.2 - https:\/\/yoast.com\/wordpress\/plugins\/seo\/ -->\n<title>Impressum -<\/title>\n<meta name=\"robots\" content=\"index, follow, max-snippet:-1, max-image-preview:large, max-video-preview:-1\" \/>\n<link rel=\"canonical\" href=\"https:\/\/www.schneebeli.com\/fr\/impressum\/\" \/>\n<meta property=\"og:locale\" content=\"fr_FR\" \/>\n<meta property=\"og:type\" content=\"article\" \/>\n<meta property=\"og:title\" content=\"Impressum -\" \/>\n<meta property=\"og:description\" content=\"Impressum, rechtliche Hinweise Herausgeber Schneebeli Metallbau AG Konzept, Gestaltung, Realisation Schmucki Agentur f\u00fcr Kommunikation AG, Wetzikon Fotos Archiv Schneebeli Metallbau AG Der gesamte Inhalt dieser Website ist urheberrechtlich gesch\u00fctzt. Das Abspeichern oder Ausdrucken einzelner Seiten und\/oder Teilbereiche dieser Website ist gestattet, sofern weder die Copyrightvermerke noch andere gesetzlich gesch\u00fctzte Bezeichnungen entfernt werden. Mit dem Abspeichern...\" \/>\n<meta property=\"og:url\" content=\"https:\/\/www.schneebeli.com\/fr\/impressum\/\" \/>\n<meta property=\"article:modified_time\" content=\"2015-11-13T11:40:45+00:00\" \/>\n<meta name=\"twitter:card\" content=\"summary_large_image\" \/>\n<meta name=\"twitter:label1\" content=\"Dur\u00e9e de lecture estim\u00e9e\" \/>\n\t<meta name=\"twitter:data1\" content=\"2 minutes\" \/>\n<script type=\"application\/ld+json\" class=\"yoast-schema-graph\">{\"@context\":\"https:\/\/schema.org\",\"@graph\":[{\"@type\":\"WebPage\",\"@id\":\"https:\/\/www.schneebeli.com\/fr\/impressum\/\",\"url\":\"https:\/\/www.schneebeli.com\/fr\/impressum\/\",\"name\":\"Impressum -\",\"isPartOf\":{\"@id\":\"https:\/\/www.schneebeli.com\/#website\"},\"datePublished\":\"2015-02-10T08:32:38+00:00\",\"dateModified\":\"2015-11-13T11:40:45+00:00\",\"breadcrumb\":{\"@id\":\"https:\/\/www.schneebeli.com\/fr\/impressum\/#breadcrumb\"},\"inLanguage\":\"fr-FR\",\"potentialAction\":[{\"@type\":\"ReadAction\",\"target\":[\"https:\/\/www.schneebeli.com\/fr\/impressum\/\"]}]},{\"@type\":\"BreadcrumbList\",\"@id\":\"https:\/\/www.schneebeli.com\/fr\/impressum\/#breadcrumb\",\"itemListElement\":[{\"@type\":\"ListItem\",\"position\":1,\"name\":\"Home\",\"item\":\"https:\/\/www.schneebeli.com\/fr\/\"},{\"@type\":\"ListItem\",\"position\":2,\"name\":\"Impressum\"}]},{\"@type\":\"WebSite\",\"@id\":\"https:\/\/www.schneebeli.com\/#website\",\"url\":\"https:\/\/www.schneebeli.com\/\",\"name\":\"\",\"description\":\"\",\"potentialAction\":[{\"@type\":\"SearchAction\",\"target\":{\"@type\":\"EntryPoint\",\"urlTemplate\":\"https:\/\/www.schneebeli.com\/?s={search_term_string}\"},\"query-input\":\"required name=search_term_string\"}],\"inLanguage\":\"fr-FR\"}]}<\/script>\n<!-- \/ Yoast SEO plugin. -->","yoast_head_json":{"title":"Impressum -","robots":{"index":"index","follow":"follow","max-snippet":"max-snippet:-1","max-image-preview":"max-image-preview:large","max-video-preview":"max-video-preview:-1"},"canonical":"https:\/\/www.schneebeli.com\/fr\/impressum\/","og_locale":"fr_FR","og_type":"article","og_title":"Impressum -","og_description":"Impressum, rechtliche Hinweise Herausgeber Schneebeli Metallbau AG Konzept, Gestaltung, Realisation Schmucki Agentur f\u00fcr Kommunikation AG, Wetzikon Fotos Archiv Schneebeli Metallbau AG Der gesamte Inhalt dieser Website ist urheberrechtlich gesch\u00fctzt. Das Abspeichern oder Ausdrucken einzelner Seiten und\/oder Teilbereiche dieser Website ist gestattet, sofern weder die Copyrightvermerke noch andere gesetzlich gesch\u00fctzte Bezeichnungen entfernt werden. Mit dem Abspeichern...","og_url":"https:\/\/www.schneebeli.com\/fr\/impressum\/","article_modified_time":"2015-11-13T11:40:45+00:00","twitter_card":"summary_large_image","twitter_misc":{"Dur\u00e9e de lecture estim\u00e9e":"2 minutes"},"schema":{"@context":"https:\/\/schema.org","@graph":[{"@type":"WebPage","@id":"https:\/\/www.schneebeli.com\/fr\/impressum\/","url":"https:\/\/www.schneebeli.com\/fr\/impressum\/","name":"Impressum -","isPartOf":{"@id":"https:\/\/www.schneebeli.com\/#website"},"datePublished":"2015-02-10T08:32:38+00:00","dateModified":"2015-11-13T11:40:45+00:00","breadcrumb":{"@id":"https:\/\/www.schneebeli.com\/fr\/impressum\/#breadcrumb"},"inLanguage":"fr-FR","potentialAction":[{"@type":"ReadAction","target":["https:\/\/www.schneebeli.com\/fr\/impressum\/"]}]},{"@type":"BreadcrumbList","@id":"https:\/\/www.schneebeli.com\/fr\/impressum\/#breadcrumb","itemListElement":[{"@type":"ListItem","position":1,"name":"Home","item":"https:\/\/www.schneebeli.com\/fr\/"},{"@type":"ListItem","position":2,"name":"Impressum"}]},{"@type":"WebSite","@id":"https:\/\/www.schneebeli.com\/#website","url":"https:\/\/www.schneebeli.com\/","name":"","description":"","potentialAction":[{"@type":"SearchAction","target":{"@type":"EntryPoint","urlTemplate":"https:\/\/www.schneebeli.com\/?s={search_term_string}"},"query-input":"required name=search_term_string"}],"inLanguage":"fr-FR"}]}},"_links":{"self":[{"href":"https:\/\/www.schneebeli.com\/fr\/wp-json\/wp\/v2\/pages\/906"}],"collection":[{"href":"https:\/\/www.schneebeli.com\/fr\/wp-json\/wp\/v2\/pages"}],"about":[{"href":"https:\/\/www.schneebeli.com\/fr\/wp-json\/wp\/v2\/types\/page"}],"author":[{"embeddable":true,"href":"https:\/\/www.schneebeli.com\/fr\/wp-json\/wp\/v2\/users\/11"}],"replies":[{"embeddable":true,"href":"https:\/\/www.schneebeli.com\/fr\/wp-json\/wp\/v2\/comments?post=906"}],"version-history":[{"count":1,"href":"https:\/\/www.schneebeli.com\/fr\/wp-json\/wp\/v2\/pages\/906\/revisions"}],"predecessor-version":[{"id":908,"href":"https:\/\/www.schneebeli.com\/fr\/wp-json\/wp\/v2\/pages\/906\/revisions\/908"}],"wp:attachment":[{"href":"https:\/\/www.schneebeli.com\/fr\/wp-json\/wp\/v2\/media?parent=906"}],"curies":[{"name":"wp","href":"https:\/\/api.w.org\/{rel}","templated":true}]}}