{"id":811,"date":"2014-10-01T10:39:10","date_gmt":"2014-10-01T08:39:10","guid":{"rendered":"http:\/\/www.schneebeli.com\/fr\/download\/"},"modified":"2020-11-26T18:16:55","modified_gmt":"2020-11-26T16:16:55","slug":"download","status":"publish","type":"page","link":"https:\/\/www.schneebeli.com\/fr\/download\/","title":{"rendered":"Download"},"content":{"rendered":"<h1>Download<\/h1>\n<h2 class=\"first\">Prospectus porte de cellule<\/h2>\n<ul>\n<li><a href=\"http:\/\/www.schneebeli.com\/schneebeli\/wp-content\/uploads\/SAFOS_Z-2_Zellentuere_f.pdf\" target=\"_blank\" rel=\"noopener noreferrer\">Porte de cellule SAFOS Z-2 (EI 30 SN 13501-2)<\/a>\u00a0\u00a0 <a href=\"http:\/\/www.praever.ch\/de\/bs\/reg\/Seiten\/22687.pdf\" target=\"_blank\" rel=\"noopener noreferrer\">Attestation d&rsquo;utilisation AEAI no. 22687<\/a><\/li>\n<\/ul>\n<h2>Prospectus produits de s\u00e9curit\u00e9<\/h2>\n<ul>\n<li><a href=\"http:\/\/www.schneebeli.com\/schneebeli\/wp-content\/uploads\/Schneebeli_Produkte_D-F-E.pdf\" target=\"_blank\" rel=\"noopener noreferrer\">Produits de s\u00e9curit\u00e9 (aper\u00e7u)<\/a><\/li>\n<\/ul>\n<ul>\n<li><a href=\"http:\/\/www.schneebeli.com\/schneebeli\/wp-content\/uploads\/Schneebeli_RENO_F-2.pdf\" target=\"_blank\" rel=\"noopener noreferrer\">Sas de s\u00e9curit\u00e9 type RENO<\/a><\/li>\n<li><a href=\"http:\/\/www.schneebeli.com\/schneebeli\/wp-content\/uploads\/Schneebeli_ZF_F-2.pdf\" target=\"_blank\" rel=\"noopener noreferrer\">Sas de s\u00e9curit\u00e9 circulaire<\/a><\/li>\n<li><a href=\"http:\/\/www.schneebeli.com\/schneebeli\/wp-content\/uploads\/Schneebeli_SDT_F-2.pdf\" target=\"_blank\" rel=\"noopener noreferrer\">Portes carrousel de s\u00e9curit\u00e9<\/a><\/li>\n<\/ul>\n<h2><\/h2>\n","protected":false},"excerpt":{"rendered":"<p>Download Prospectus porte de cellule Porte de cellule SAFOS Z-2 (EI 30 SN 13501-2)\u00a0\u00a0 Attestation d&rsquo;utilisation AEAI no. 22687 Prospectus produits de s\u00e9curit\u00e9 Produits de s\u00e9curit\u00e9 (aper\u00e7u) Sas de s\u00e9curit\u00e9 type RENO Sas de s\u00e9curit\u00e9 circulaire Portes carrousel de s\u00e9curit\u00e9<\/p>\n","protected":false},"author":11,"featured_media":0,"parent":0,"menu_order":20,"comment_status":"closed","ping_status":"closed","template":"","meta":[],"acf":[],"yoast_head":"<!-- This site is optimized with the Yoast SEO plugin v21.2 - https:\/\/yoast.com\/wordpress\/plugins\/seo\/ -->\n<title>Download -<\/title>\n<meta name=\"robots\" content=\"index, follow, max-snippet:-1, max-image-preview:large, max-video-preview:-1\" \/>\n<link rel=\"canonical\" href=\"https:\/\/www.schneebeli.com\/download\/\" \/>\n<meta property=\"og:locale\" content=\"fr_FR\" \/>\n<meta property=\"og:type\" content=\"article\" \/>\n<meta property=\"og:title\" content=\"Download -\" \/>\n<meta property=\"og:description\" content=\"Download Prospectus porte de cellule Porte de cellule SAFOS Z-2 (EI 30 SN 13501-2)\u00a0\u00a0 Attestation d&rsquo;utilisation AEAI no. 22687 Prospectus produits de s\u00e9curit\u00e9 Produits de s\u00e9curit\u00e9 (aper\u00e7u) Sas de s\u00e9curit\u00e9 type RENO Sas de s\u00e9curit\u00e9 circulaire Portes carrousel de s\u00e9curit\u00e9\" \/>\n<meta property=\"og:url\" content=\"https:\/\/www.schneebeli.com\/download\/\" \/>\n<meta property=\"article:modified_time\" content=\"2020-11-26T16:16:55+00:00\" \/>\n<meta name=\"twitter:card\" content=\"summary_large_image\" \/>\n<script type=\"application\/ld+json\" class=\"yoast-schema-graph\">{\"@context\":\"https:\/\/schema.org\",\"@graph\":[{\"@type\":\"WebPage\",\"@id\":\"https:\/\/www.schneebeli.com\/download\/\",\"url\":\"https:\/\/www.schneebeli.com\/download\/\",\"name\":\"Download -\",\"isPartOf\":{\"@id\":\"https:\/\/www.schneebeli.com\/#website\"},\"datePublished\":\"2014-10-01T08:39:10+00:00\",\"dateModified\":\"2020-11-26T16:16:55+00:00\",\"breadcrumb\":{\"@id\":\"https:\/\/www.schneebeli.com\/download\/#breadcrumb\"},\"inLanguage\":\"fr-FR\",\"potentialAction\":[{\"@type\":\"ReadAction\",\"target\":[\"https:\/\/www.schneebeli.com\/download\/\"]}]},{\"@type\":\"BreadcrumbList\",\"@id\":\"https:\/\/www.schneebeli.com\/download\/#breadcrumb\",\"itemListElement\":[{\"@type\":\"ListItem\",\"position\":1,\"name\":\"Home\",\"item\":\"https:\/\/www.schneebeli.com\/fr\/\"},{\"@type\":\"ListItem\",\"position\":2,\"name\":\"Download\"}]},{\"@type\":\"WebSite\",\"@id\":\"https:\/\/www.schneebeli.com\/#website\",\"url\":\"https:\/\/www.schneebeli.com\/\",\"name\":\"\",\"description\":\"\",\"potentialAction\":[{\"@type\":\"SearchAction\",\"target\":{\"@type\":\"EntryPoint\",\"urlTemplate\":\"https:\/\/www.schneebeli.com\/?s={search_term_string}\"},\"query-input\":\"required name=search_term_string\"}],\"inLanguage\":\"fr-FR\"}]}<\/script>\n<!-- \/ Yoast SEO plugin. -->","yoast_head_json":{"title":"Download -","robots":{"index":"index","follow":"follow","max-snippet":"max-snippet:-1","max-image-preview":"max-image-preview:large","max-video-preview":"max-video-preview:-1"},"canonical":"https:\/\/www.schneebeli.com\/download\/","og_locale":"fr_FR","og_type":"article","og_title":"Download -","og_description":"Download Prospectus porte de cellule Porte de cellule SAFOS Z-2 (EI 30 SN 13501-2)\u00a0\u00a0 Attestation d&rsquo;utilisation AEAI no. 22687 Prospectus produits de s\u00e9curit\u00e9 Produits de s\u00e9curit\u00e9 (aper\u00e7u) Sas de s\u00e9curit\u00e9 type RENO Sas de s\u00e9curit\u00e9 circulaire Portes carrousel de s\u00e9curit\u00e9","og_url":"https:\/\/www.schneebeli.com\/download\/","article_modified_time":"2020-11-26T16:16:55+00:00","twitter_card":"summary_large_image","schema":{"@context":"https:\/\/schema.org","@graph":[{"@type":"WebPage","@id":"https:\/\/www.schneebeli.com\/download\/","url":"https:\/\/www.schneebeli.com\/download\/","name":"Download -","isPartOf":{"@id":"https:\/\/www.schneebeli.com\/#website"},"datePublished":"2014-10-01T08:39:10+00:00","dateModified":"2020-11-26T16:16:55+00:00","breadcrumb":{"@id":"https:\/\/www.schneebeli.com\/download\/#breadcrumb"},"inLanguage":"fr-FR","potentialAction":[{"@type":"ReadAction","target":["https:\/\/www.schneebeli.com\/download\/"]}]},{"@type":"BreadcrumbList","@id":"https:\/\/www.schneebeli.com\/download\/#breadcrumb","itemListElement":[{"@type":"ListItem","position":1,"name":"Home","item":"https:\/\/www.schneebeli.com\/fr\/"},{"@type":"ListItem","position":2,"name":"Download"}]},{"@type":"WebSite","@id":"https:\/\/www.schneebeli.com\/#website","url":"https:\/\/www.schneebeli.com\/","name":"","description":"","potentialAction":[{"@type":"SearchAction","target":{"@type":"EntryPoint","urlTemplate":"https:\/\/www.schneebeli.com\/?s={search_term_string}"},"query-input":"required name=search_term_string"}],"inLanguage":"fr-FR"}]}},"_links":{"self":[{"href":"https:\/\/www.schneebeli.com\/fr\/wp-json\/wp\/v2\/pages\/811"}],"collection":[{"href":"https:\/\/www.schneebeli.com\/fr\/wp-json\/wp\/v2\/pages"}],"about":[{"href":"https:\/\/www.schneebeli.com\/fr\/wp-json\/wp\/v2\/types\/page"}],"author":[{"embeddable":true,"href":"https:\/\/www.schneebeli.com\/fr\/wp-json\/wp\/v2\/users\/11"}],"replies":[{"embeddable":true,"href":"https:\/\/www.schneebeli.com\/fr\/wp-json\/wp\/v2\/comments?post=811"}],"version-history":[{"count":4,"href":"https:\/\/www.schneebeli.com\/fr\/wp-json\/wp\/v2\/pages\/811\/revisions"}],"predecessor-version":[{"id":1701,"href":"https:\/\/www.schneebeli.com\/fr\/wp-json\/wp\/v2\/pages\/811\/revisions\/1701"}],"wp:attachment":[{"href":"https:\/\/www.schneebeli.com\/fr\/wp-json\/wp\/v2\/media?parent=811"}],"curies":[{"name":"wp","href":"https:\/\/api.w.org\/{rel}","templated":true}]}}