{"id":807,"date":"2014-02-15T08:40:09","date_gmt":"2014-02-15T06:40:09","guid":{"rendered":"http:\/\/www.schneebeli.com\/fr\/kontakt\/"},"modified":"2026-01-04T12:36:35","modified_gmt":"2026-01-04T10:36:35","slug":"contact","status":"publish","type":"page","link":"https:\/\/www.schneebeli.com\/fr\/contact\/","title":{"rendered":"Contact"},"content":{"rendered":"<h1 class=\"byline\">Contact<\/h1>\n<h2 class=\"byline\">F\u00fcr Beratungen, Angebote oder Reparaturauftr\u00e4ge sind wir f\u00fcr Sie da \u2013<br \/>\npers\u00f6nlich und kompetent.<\/h2>\n<div id=\"googlemaps\" class=\"headerimg googlemaps-custom\"><\/div>\n<div class=\"form-container\">\n<h2 class=\"contact\">Kontaktformular<\/h2>\n<div id=\"quform-ab5ea5\" class=\"quform quform-1 quform-support-page-caching\"><form id=\"quform-form-ab5ea5\" class=\"quform-form quform-form-1\" action=\"\/fr\/wp-json\/wp\/v2\/pages\/807#quform-ab5ea5\" method=\"post\" enctype=\"multipart\/form-data\" novalidate=\"novalidate\" data-options=\"{&quot;id&quot;:1,&quot;uniqueId&quot;:&quot;ab5ea5&quot;,&quot;theme&quot;:&quot;&quot;,&quot;ajax&quot;:true,&quot;logic&quot;:{&quot;logic&quot;:[],&quot;dependents&quot;:[],&quot;elementIds&quot;:[],&quot;dependentElementIds&quot;:[],&quot;animate&quot;:true},&quot;currentPageId&quot;:12,&quot;errorsIcon&quot;:&quot;&quot;,&quot;updateFancybox&quot;:true,&quot;hasPages&quot;:false,&quot;pages&quot;:[12],&quot;pageProgressType&quot;:&quot;numbers&quot;,&quot;tooltipsEnabled&quot;:true,&quot;tooltipClasses&quot;:&quot;qtip-plain qtip-shadow&quot;,&quot;tooltipMy&quot;:&quot;left center&quot;,&quot;tooltipAt&quot;:&quot;right center&quot;,&quot;isRtl&quot;:false,&quot;scrollOffset&quot;:-50,&quot;scrollSpeed&quot;:800}\"><button class=\"quform-default-submit\" name=\"quform_submit\" type=\"submit\" value=\"submit\" aria-hidden=\"true\" tabindex=\"-1\"><\/button><div class=\"quform-form-inner quform-form-inner-1\"><input type=\"hidden\" name=\"quform_form_id\" value=\"1\" \/><input type=\"hidden\" name=\"quform_form_uid\" value=\"ab5ea5\" \/><input type=\"hidden\" name=\"quform_count\" value=\"1\" \/><input type=\"hidden\" name=\"form_url\" value=\"https:\/\/www.schneebeli.com\/fr\/wp-json\/wp\/v2\/pages\/807\" \/><input type=\"hidden\" name=\"referring_url\" value=\"\" \/><input type=\"hidden\" name=\"post_id\" value=\"\" \/><input type=\"hidden\" name=\"post_title\" value=\"\" \/><input type=\"hidden\" name=\"quform_current_page_id\" value=\"12\" \/><input type=\"hidden\" name=\"quform_csrf_token\" value=\"OI0QL8uQT0TIZ8UyszJR9gElgEXaVQRu6i2TqHga\" \/><div class=\"quform-elements quform-elements-1 quform-cf quform-responsive-elements-phone-landscape\"><div class=\"quform-element quform-element-page quform-page-12 quform-page-1_12 quform-cf quform-group-style-plain quform-first-page quform-last-page quform-current-page\"><div class=\"quform-child-elements\"><div class=\"quform-element quform-element-text quform-element-1_1 quform-cf quform-labels-inside quform-element-optional\"><div class=\"quform-spacer\"><div class=\"quform-label quform-label-1_1\"><label class=\"quform-label-text\" for=\"quform_1_1_ab5ea5\">Firma<\/label><\/div><div class=\"quform-inner quform-inner-text quform-inner-1_1\"><div class=\"quform-input quform-input-text quform-input-1_1 quform-cf\"><input type=\"text\" id=\"quform_1_1_ab5ea5\" name=\"quform_1_1\" class=\"quform-field quform-field-text quform-field-1_1\" \/><\/div><\/div><\/div><\/div><div class=\"quform-element quform-element-select quform-element-1_2 quform-cf quform-element-required\"><div class=\"quform-spacer\"><div class=\"quform-inner quform-inner-select quform-inner-1_2\"><div class=\"quform-input quform-input-select quform-input-1_2 quform-cf\"><select id=\"quform_1_2_ab5ea5\" name=\"quform_1_2\" class=\"quform-field quform-field-select quform-field-1_2\"><option value=\"\" selected=\"selected\">-- Bitte Anrede ausw\u00e4hlen --<\/option><option value=\"Herr\">Herr<\/option><option value=\"Frau\">Frau<\/option><\/select><\/div><\/div><\/div><\/div><div class=\"quform-element quform-element-group quform-element-1_17 quform-cf quform-group-style-plain\"><div class=\"quform-spacer\"><div class=\"quform-child-elements\"><div class=\"quform-element quform-element-text quform-element-1_20 quform-cf quform-labels-inside quform-element-required\"><div class=\"quform-spacer\"><div class=\"quform-label quform-label-1_20\"><label class=\"quform-label-text\" for=\"quform_1_20_ab5ea5\">Vorname<span class=\"quform-required\">*<\/span><\/label><\/div><div class=\"quform-inner quform-inner-text quform-inner-1_20\"><div class=\"quform-input quform-input-text quform-input-1_20 quform-cf\"><input type=\"text\" id=\"quform_1_20_ab5ea5\" name=\"quform_1_20\" class=\"quform-field quform-field-text quform-field-1_20\" \/><\/div><\/div><\/div><\/div><div class=\"quform-element quform-element-text quform-element-1_24 quform-cf quform-labels-inside quform-element-required\"><div class=\"quform-spacer\"><div class=\"quform-label quform-label-1_24\"><label class=\"quform-label-text\" for=\"quform_1_24_ab5ea5\">Nachname<span class=\"quform-required\">*<\/span><\/label><\/div><div class=\"quform-inner quform-inner-text quform-inner-1_24\"><div class=\"quform-input quform-input-text quform-input-1_24 quform-cf\"><input type=\"text\" id=\"quform_1_24_ab5ea5\" name=\"quform_1_24\" class=\"quform-field quform-field-text quform-field-1_24\" \/><\/div><\/div><\/div><\/div><div class=\"quform-element quform-element-text quform-element-1_31 quform-cf quform-labels-inside quform-element-optional\"><div class=\"quform-spacer\"><div class=\"quform-label quform-label-1_31\"><label class=\"quform-label-text\" for=\"quform_1_31_ab5ea5\">PLZ \/ Ort<\/label><\/div><div class=\"quform-inner quform-inner-text quform-inner-1_31\"><div class=\"quform-input quform-input-text quform-input-1_31 quform-cf\"><input type=\"text\" id=\"quform_1_31_ab5ea5\" name=\"quform_1_31\" class=\"quform-field quform-field-text quform-field-1_31\" \/><\/div><\/div><\/div><\/div><div class=\"quform-element quform-element-text quform-element-1_35 quform-cf quform-labels-inside quform-element-optional\"><div class=\"quform-spacer\"><div class=\"quform-label quform-label-1_35\"><label class=\"quform-label-text\" for=\"quform_1_35_ab5ea5\">Strasse<\/label><\/div><div class=\"quform-inner quform-inner-text quform-inner-1_35\"><div class=\"quform-input quform-input-text quform-input-1_35 quform-cf\"><input type=\"text\" id=\"quform_1_35_ab5ea5\" name=\"quform_1_35\" class=\"quform-field quform-field-text quform-field-1_35\" \/><\/div><\/div><\/div><\/div><div class=\"quform-element quform-element-text quform-element-1_9 quform-cf quform-labels-inside quform-element-required\"><div class=\"quform-spacer\"><div class=\"quform-label quform-label-1_9\"><label class=\"quform-label-text\" for=\"quform_1_9_ab5ea5\">Telefon<span class=\"quform-required\">*<\/span><\/label><\/div><div class=\"quform-inner quform-inner-text quform-inner-1_9\"><div class=\"quform-input quform-input-text quform-input-1_9 quform-cf\"><input type=\"text\" id=\"quform_1_9_ab5ea5\" name=\"quform_1_9\" class=\"quform-field quform-field-text quform-field-1_9\" \/><\/div><\/div><\/div><\/div><div class=\"quform-element quform-element-email quform-element-1_10 quform-cf quform-labels-inside quform-element-required\"><div class=\"quform-spacer\"><div class=\"quform-label quform-label-1_10\"><label class=\"quform-label-text\" for=\"quform_1_10_ab5ea5\">E-Mail<span class=\"quform-required\">*<\/span><\/label><\/div><div class=\"quform-inner quform-inner-email quform-inner-1_10\"><div class=\"quform-input quform-input-email quform-input-1_10 quform-cf\"><input type=\"email\" id=\"quform_1_10_ab5ea5\" name=\"quform_1_10\" class=\"quform-field quform-field-email quform-field-1_10\" \/><\/div><\/div><\/div><\/div><\/div><\/div><\/div><div class=\"quform-element quform-element-textarea quform-element-1_11 quform-cf quform-labels-inside quform-element-required\"><div class=\"quform-spacer\"><div class=\"quform-label quform-label-1_11\"><label class=\"quform-label-text\" for=\"quform_1_11_ab5ea5\">Bemerkung<span class=\"quform-required\">*<\/span><\/label><\/div><div class=\"quform-inner quform-inner-textarea quform-inner-1_11\"><div class=\"quform-input quform-input-textarea quform-input-1_11 quform-cf\"><textarea id=\"quform_1_11_ab5ea5\" name=\"quform_1_11\" class=\"quform-field quform-field-textarea quform-field-1_11\"><\/textarea><\/div><\/div><\/div><\/div><div class=\"quform-element quform-element-recaptcha quform-element-1_37 quform-cf quform-element-required\"><div class=\"quform-spacer\"><div class=\"quform-inner quform-inner-recaptcha quform-inner-1_37\"><div class=\"quform-input quform-input-recaptcha quform-input-1_37 quform-cf\"><div class=\"quform-recaptcha\" data-config=\"{&quot;sitekey&quot;:&quot;6LfejkUoAAAAADae2btHxz6QwhWjKly-rLM2GBRi&quot;,&quot;_version&quot;:&quot;v2&quot;,&quot;size&quot;:&quot;normal&quot;,&quot;type&quot;:&quot;image&quot;,&quot;theme&quot;:&quot;light&quot;,&quot;badge&quot;:&quot;bottomright&quot;}\"><\/div><noscript><div><div style=\"width: 302px; height: 422px; position: relative;\"><div style=\"width: 302px; height: 422px; position: absolute;\"><iframe src=\"https:\/\/www.google.com\/recaptcha\/api\/fallback?k=6LfejkUoAAAAADae2btHxz6QwhWjKly-rLM2GBRi\" frameborder=\"0\" scrolling=\"no\" style=\"width: 302px; height:422px; border-style: none;\"><\/iframe><\/div><\/div><div style=\"width: 300px; height: 60px; border-style: none; bottom: 12px; left: 25px; margin: 0px; padding: 0px; right: 25px; background: #f9f9f9; border: 1px solid #c1c1c1; border-radius: 3px;\"><textarea name=\"g-recaptcha-response\" class=\"g-recaptcha-response\" style=\"width: 250px; height: 40px; border: 1px solid #c1c1c1; margin: 10px 25px; padding: 0px; resize: none;\" aria-hidden=\"true\"><\/textarea><\/div><\/div><\/noscript><\/div><\/div><\/div><\/div><div class=\"quform-element quform-element-submit quform-element-1_16 quform-cf quform-button-style-theme\"><div class=\"quform-button-submit quform-button-submit-default quform-button-submit-1_16\"><button name=\"quform_submit\" type=\"submit\" class=\"quform-submit\" value=\"submit\"><span class=\"quform-button-text quform-button-submit-text\">Absenden<\/span><\/button><\/div><div class=\"quform-loading quform-loading-position-left quform-loading-type-spinner-1\"><div class=\"quform-loading-inner\"><div class=\"quform-loading-spinner\"><div class=\"quform-loading-spinner-inner\"><\/div><\/div><\/div><\/div><\/div><div class=\"quform-element-tree\"><label for=\"quform_1_0_ab5ea5\">Ce champ devrait \u00eatre laiss\u00e9 vide<\/label><input type=\"text\" id=\"quform_1_0_ab5ea5\" name=\"quform_1_0\" class=\"quform-field quform-field-tree quform-field-1_0\" tabindex=\"-1\" autocomplete=\"off\" \/><\/div><\/div><\/div><\/div><\/div><\/form><\/div>\n<\/div>\n<div class=\"trenner\"><\/div>\n[accordion clicktoclose=true scroll=true tag=h2]\n<h3>Schneebeli Metallbau AG<\/h3>\n<p>Industriestrasse 7<br \/>\n8305 Dietlikon<br \/>\nT +41 (0)44 805 60 10<br \/>\nF +41 (0)44 805 60 11<br \/>\n<a href=\"mailto:info@schneebeli.com\">info@schneebeli.com<\/a><\/p>\n<h3>Contact \/ produits de s\u00e9curit\u00e9<\/h3>\n<p>Christian Schneebeli<br \/>\n<a href=\"mailto:christian@schneebeli.com\">christian@schneebeli.com<\/a><\/p>\n<p>&nbsp;<\/p>\n<h3>Metallbau und Sicherheitstechnik Schweiz<\/h3>\n<p>Schneebeli Metallbau AG<br \/>\nIndustriestrasse 7<br \/>\n8305 Dietlikon<br \/>\nT +41 (0)44 805 60 10<br \/>\nF +41 (0)44 805 60 11<br \/>\n<a href=\"mailto:service@schneebeli.com\">service@schneebeli.com<\/a><\/p>\n<h3><\/h3>\n<h3>Sicherheitstechnik Deutschland<\/h3>\n<p>Schneebeli Sicherheitstechnik GmbH<br \/>\nMitteralmweg\u00a02<br \/>\n83026\u00a0Rosenheim<br \/>\nDeutschland<br \/>\nT +49 8031 807 221<br \/>\nF +49 8031 807 223<br \/>\n<a href=\"mailto:info@schneebeli.com\">info@schneebeli.com<\/a><\/p>\n<h3>Technischer Leiter D<\/h3>\n<p>Robert Lander<br \/>\n<a href=\"mailto:lander@schneebeli.com\">lander@schneebeli.com<\/a><\/p>\n","protected":false},"excerpt":{"rendered":"<p>Contact F\u00fcr Beratungen, Angebote oder Reparaturauftr\u00e4ge sind wir f\u00fcr Sie da \u2013 pers\u00f6nlich und kompetent. Kontaktformular [accordion clicktoclose=true scroll=true tag=h2] Schneebeli Metallbau AG Industriestrasse 7 8305 Dietlikon T +41 (0)44 805 60 10 F +41 (0)44 805 60 11 info@schneebeli.com Contact \/ produits de s\u00e9curit\u00e9 Christian Schneebeli christian@schneebeli.com &nbsp; Metallbau und Sicherheitstechnik Schweiz Schneebeli Metallbau&#8230;<\/p>\n","protected":false},"author":11,"featured_media":0,"parent":0,"menu_order":5,"comment_status":"closed","ping_status":"closed","template":"","meta":[],"acf":[],"yoast_head":"<!-- This site is optimized with the Yoast SEO plugin v21.2 - https:\/\/yoast.com\/wordpress\/plugins\/seo\/ -->\n<title>Contact -<\/title>\n<meta name=\"robots\" content=\"index, follow, max-snippet:-1, max-image-preview:large, max-video-preview:-1\" \/>\n<link rel=\"canonical\" href=\"https:\/\/www.schneebeli.com\/fr\/contact\/\" \/>\n<meta property=\"og:locale\" content=\"fr_FR\" \/>\n<meta property=\"og:type\" content=\"article\" \/>\n<meta property=\"og:title\" content=\"Contact -\" \/>\n<meta property=\"og:description\" content=\"Contact F\u00fcr Beratungen, Angebote oder Reparaturauftr\u00e4ge sind wir f\u00fcr Sie da \u2013 pers\u00f6nlich und kompetent. Kontaktformular [accordion clicktoclose=true scroll=true tag=h2] Schneebeli Metallbau AG Industriestrasse 7 8305 Dietlikon T +41 (0)44 805 60 10 F +41 (0)44 805 60 11 info@schneebeli.com Contact \/ produits de s\u00e9curit\u00e9 Christian Schneebeli christian@schneebeli.com &nbsp; Metallbau und Sicherheitstechnik Schweiz Schneebeli Metallbau...\" \/>\n<meta property=\"og:url\" content=\"https:\/\/www.schneebeli.com\/fr\/contact\/\" \/>\n<meta property=\"article:modified_time\" content=\"2026-01-04T10:36:35+00:00\" \/>\n<meta name=\"twitter:card\" content=\"summary_large_image\" \/>\n<meta name=\"twitter:label1\" content=\"Dur\u00e9e de lecture estim\u00e9e\" \/>\n\t<meta name=\"twitter:data1\" content=\"1 minute\" \/>\n<script type=\"application\/ld+json\" class=\"yoast-schema-graph\">{\"@context\":\"https:\/\/schema.org\",\"@graph\":[{\"@type\":\"WebPage\",\"@id\":\"https:\/\/www.schneebeli.com\/fr\/contact\/\",\"url\":\"https:\/\/www.schneebeli.com\/fr\/contact\/\",\"name\":\"Contact -\",\"isPartOf\":{\"@id\":\"https:\/\/www.schneebeli.com\/#website\"},\"datePublished\":\"2014-02-15T06:40:09+00:00\",\"dateModified\":\"2026-01-04T10:36:35+00:00\",\"breadcrumb\":{\"@id\":\"https:\/\/www.schneebeli.com\/fr\/contact\/#breadcrumb\"},\"inLanguage\":\"fr-FR\",\"potentialAction\":[{\"@type\":\"ReadAction\",\"target\":[\"https:\/\/www.schneebeli.com\/fr\/contact\/\"]}]},{\"@type\":\"BreadcrumbList\",\"@id\":\"https:\/\/www.schneebeli.com\/fr\/contact\/#breadcrumb\",\"itemListElement\":[{\"@type\":\"ListItem\",\"position\":1,\"name\":\"Home\",\"item\":\"https:\/\/www.schneebeli.com\/fr\/\"},{\"@type\":\"ListItem\",\"position\":2,\"name\":\"Contact\"}]},{\"@type\":\"WebSite\",\"@id\":\"https:\/\/www.schneebeli.com\/#website\",\"url\":\"https:\/\/www.schneebeli.com\/\",\"name\":\"\",\"description\":\"\",\"potentialAction\":[{\"@type\":\"SearchAction\",\"target\":{\"@type\":\"EntryPoint\",\"urlTemplate\":\"https:\/\/www.schneebeli.com\/?s={search_term_string}\"},\"query-input\":\"required name=search_term_string\"}],\"inLanguage\":\"fr-FR\"}]}<\/script>\n<!-- \/ Yoast SEO plugin. -->","yoast_head_json":{"title":"Contact -","robots":{"index":"index","follow":"follow","max-snippet":"max-snippet:-1","max-image-preview":"max-image-preview:large","max-video-preview":"max-video-preview:-1"},"canonical":"https:\/\/www.schneebeli.com\/fr\/contact\/","og_locale":"fr_FR","og_type":"article","og_title":"Contact -","og_description":"Contact F\u00fcr Beratungen, Angebote oder Reparaturauftr\u00e4ge sind wir f\u00fcr Sie da \u2013 pers\u00f6nlich und kompetent. Kontaktformular [accordion clicktoclose=true scroll=true tag=h2] Schneebeli Metallbau AG Industriestrasse 7 8305 Dietlikon T +41 (0)44 805 60 10 F +41 (0)44 805 60 11 info@schneebeli.com Contact \/ produits de s\u00e9curit\u00e9 Christian Schneebeli christian@schneebeli.com &nbsp; Metallbau und Sicherheitstechnik Schweiz Schneebeli Metallbau...","og_url":"https:\/\/www.schneebeli.com\/fr\/contact\/","article_modified_time":"2026-01-04T10:36:35+00:00","twitter_card":"summary_large_image","twitter_misc":{"Dur\u00e9e de lecture estim\u00e9e":"1 minute"},"schema":{"@context":"https:\/\/schema.org","@graph":[{"@type":"WebPage","@id":"https:\/\/www.schneebeli.com\/fr\/contact\/","url":"https:\/\/www.schneebeli.com\/fr\/contact\/","name":"Contact -","isPartOf":{"@id":"https:\/\/www.schneebeli.com\/#website"},"datePublished":"2014-02-15T06:40:09+00:00","dateModified":"2026-01-04T10:36:35+00:00","breadcrumb":{"@id":"https:\/\/www.schneebeli.com\/fr\/contact\/#breadcrumb"},"inLanguage":"fr-FR","potentialAction":[{"@type":"ReadAction","target":["https:\/\/www.schneebeli.com\/fr\/contact\/"]}]},{"@type":"BreadcrumbList","@id":"https:\/\/www.schneebeli.com\/fr\/contact\/#breadcrumb","itemListElement":[{"@type":"ListItem","position":1,"name":"Home","item":"https:\/\/www.schneebeli.com\/fr\/"},{"@type":"ListItem","position":2,"name":"Contact"}]},{"@type":"WebSite","@id":"https:\/\/www.schneebeli.com\/#website","url":"https:\/\/www.schneebeli.com\/","name":"","description":"","potentialAction":[{"@type":"SearchAction","target":{"@type":"EntryPoint","urlTemplate":"https:\/\/www.schneebeli.com\/?s={search_term_string}"},"query-input":"required name=search_term_string"}],"inLanguage":"fr-FR"}]}},"_links":{"self":[{"href":"https:\/\/www.schneebeli.com\/fr\/wp-json\/wp\/v2\/pages\/807"}],"collection":[{"href":"https:\/\/www.schneebeli.com\/fr\/wp-json\/wp\/v2\/pages"}],"about":[{"href":"https:\/\/www.schneebeli.com\/fr\/wp-json\/wp\/v2\/types\/page"}],"author":[{"embeddable":true,"href":"https:\/\/www.schneebeli.com\/fr\/wp-json\/wp\/v2\/users\/11"}],"replies":[{"embeddable":true,"href":"https:\/\/www.schneebeli.com\/fr\/wp-json\/wp\/v2\/comments?post=807"}],"version-history":[{"count":12,"href":"https:\/\/www.schneebeli.com\/fr\/wp-json\/wp\/v2\/pages\/807\/revisions"}],"predecessor-version":[{"id":2029,"href":"https:\/\/www.schneebeli.com\/fr\/wp-json\/wp\/v2\/pages\/807\/revisions\/2029"}],"wp:attachment":[{"href":"https:\/\/www.schneebeli.com\/fr\/wp-json\/wp\/v2\/media?parent=807"}],"curies":[{"name":"wp","href":"https:\/\/api.w.org\/{rel}","templated":true}]}}