{"id":804,"date":"2015-11-11T14:28:33","date_gmt":"2015-11-11T12:28:33","guid":{"rendered":"http:\/\/www.schneebeli.com\/fr\/?page_id=804"},"modified":"2015-11-16T09:26:56","modified_gmt":"2015-11-16T07:26:56","slug":"technique-de-scurit","status":"publish","type":"page","link":"https:\/\/www.schneebeli.com\/fr\/angebot\/technique-de-scurit\/","title":{"rendered":"Technique de s\u00e9curit\u00e9"},"content":{"rendered":"<h1 class=\"byline\">Technique de s\u00e9curit\u00e9<\/h1>\n<h2 class=\"byline\">Nos produits principaux:<\/h2>\n<div class=\"container-box\"><br \/>\n<div class=\"schleuse_box\"><a href=\"https:\/\/www.schneebeli.com\/fr\/download\/\" class=\"whole\">Link<\/a><div class=\"schleuse_content\"><img src=\"https:\/\/www.schneebeli.com\/schneebeli\/wp-content\/uploads\/schleuse_typ_reno.jpg\" alt=\"Sas multifonctionnel RENO\" \/><h3>Sas multifonctionnel RENO<\/h3><p>S\u00e9curit\u00e9, r\u00e9sistance au feu, passage de transport et sortie de secours - c'est tout possible avec le sas RENO.<\/p><p class=\"more-box\"><a href=\"https:\/\/www.schneebeli.com\/fr\/download\/\" class=\"more-link\">En savoir plus<\/a> \u00bb<\/p><\/div><\/div><div class=\"schleuse_box\"><a href=\"https:\/\/www.schneebeli.com\/fr\/download\/\" class=\"whole\">Link<\/a><div class=\"schleuse_content\"><img src=\"https:\/\/www.schneebeli.com\/schneebeli\/wp-content\/uploads\/rundschleuse_typ_zf3.jpg\" alt=\"Sas de s\u00e9curit\u00e9 circulaire ZF3\" \/><h3>Sas de s\u00e9curit\u00e9 circulaire ZF3<\/h3><p>Le sas de s\u00e9curit\u00e9 circulaire ZF3 combine s\u00e9curity et \u00e9l\u00e9gance.<\/p><p class=\"more-box\"><a href=\"https:\/\/www.schneebeli.com\/fr\/download\/\" class=\"more-link\">En savoir plus<\/a> \u00bb<\/p><\/div><\/div><div class=\"schleuse_box\"><a href=\"https:\/\/www.schneebeli.com\/fr\/download\/\" class=\"whole\">Link<\/a><div class=\"schleuse_content\"><img src=\"https:\/\/www.schneebeli.com\/schneebeli\/wp-content\/uploads\/sicherheitsdrehtueren_sdt.jpg\" alt=\"Portes carrousel de s\u00e9curit\u00e9 SDT\" \/><h3>Portes carrousel de s\u00e9curit\u00e9 SDT<\/h3><p>Les portes carrousel de s\u00e9curit\u00e9 SDT sont pour un passage contr\u00f4l\u00e9 \u00e0 grande capacit\u00e9.<\/p><p class=\"more-box\"><a href=\"https:\/\/www.schneebeli.com\/fr\/download\/\" class=\"more-link\">En savoir plus<\/a> \u00bb<\/p><\/div><\/div><div class=\"schleuse_box\"><a href=\"https:\/\/www.schneebeli.com\/fr\/download\/\" class=\"whole\">Link<\/a><div class=\"schleuse_content\"><img src=\"https:\/\/www.schneebeli.com\/schneebeli\/wp-content\/uploads\/schleuse_empty.jpg\" alt=\"Porte de cellule SAFOS Z-2\" \/><h3>Porte de cellule SAFOS Z-2<\/h3><p>La porte de cellule SAFOS Z-2 prot\u00e8ge les occupants et les collaborateurs et est t\u00e9st\u00e9 EI30 selon SN EN 13501-2.<\/p><p class=\"more-box\"><a href=\"https:\/\/www.schneebeli.com\/fr\/download\/\" class=\"more-link\">En savoir plus<\/a> \u00bb<\/p><\/div><\/div>\n<div class=\"box link\"><a href=\"\/fr\/download\/\" class=\"box-link\">Link<\/a><div class=\"box-content\">\n<h3>Prospectus<\/h3>\n<p>Veuillez trouver des informations d\u00e9taill\u00e9es de nos produits dans nos prospectus \u00e0 t\u00e9l\u00e9charger.<\/p>\n<p class=\"more-box\"><a class=\"more-link\" href=\"https:\/\/www.schneebeli.com\/fr\/download\/\">En savoir plus<\/a> \u00bb<\/p>\n<\/div><\/div>\n<div class=\"box\"><div class=\"box-content\">\n<h3>Exposition permanente<\/h3>\n<p>Une exposition permanente de nos produits se trouve dans notre atelier \u00e0 Dietlikon. Veuillez nous contacter pour une visite: +41 (0)44 805 60 10.<\/p>\n<\/div><\/div>\n<\/div>\n","protected":false},"excerpt":{"rendered":"<p>Technique de s\u00e9curit\u00e9 Nos produits principaux:<\/p>\n","protected":false},"author":11,"featured_media":0,"parent":798,"menu_order":31,"comment_status":"open","ping_status":"open","template":"template-services.php","meta":[],"acf":[],"yoast_head":"<!-- This site is optimized with the Yoast SEO plugin v21.2 - https:\/\/yoast.com\/wordpress\/plugins\/seo\/ -->\n<title>Technique de s\u00e9curit\u00e9 -<\/title>\n<meta name=\"robots\" content=\"index, follow, max-snippet:-1, max-image-preview:large, max-video-preview:-1\" \/>\n<link rel=\"canonical\" href=\"https:\/\/www.schneebeli.com\/fr\/angebot\/technique-de-scurit\/\" \/>\n<meta property=\"og:locale\" content=\"fr_FR\" \/>\n<meta property=\"og:type\" content=\"article\" \/>\n<meta property=\"og:title\" content=\"Technique de s\u00e9curit\u00e9 -\" \/>\n<meta property=\"og:description\" content=\"Technique de s\u00e9curit\u00e9 Nos produits principaux:\" \/>\n<meta property=\"og:url\" content=\"https:\/\/www.schneebeli.com\/fr\/angebot\/technique-de-scurit\/\" \/>\n<meta property=\"article:modified_time\" content=\"2015-11-16T07:26:56+00:00\" \/>\n<meta name=\"twitter:card\" content=\"summary_large_image\" \/>\n<script type=\"application\/ld+json\" class=\"yoast-schema-graph\">{\"@context\":\"https:\/\/schema.org\",\"@graph\":[{\"@type\":\"WebPage\",\"@id\":\"https:\/\/www.schneebeli.com\/fr\/angebot\/technique-de-scurit\/\",\"url\":\"https:\/\/www.schneebeli.com\/fr\/angebot\/technique-de-scurit\/\",\"name\":\"Technique de s\u00e9curit\u00e9 -\",\"isPartOf\":{\"@id\":\"https:\/\/www.schneebeli.com\/#website\"},\"datePublished\":\"2015-11-11T12:28:33+00:00\",\"dateModified\":\"2015-11-16T07:26:56+00:00\",\"breadcrumb\":{\"@id\":\"https:\/\/www.schneebeli.com\/fr\/angebot\/technique-de-scurit\/#breadcrumb\"},\"inLanguage\":\"fr-FR\",\"potentialAction\":[{\"@type\":\"ReadAction\",\"target\":[\"https:\/\/www.schneebeli.com\/fr\/angebot\/technique-de-scurit\/\"]}]},{\"@type\":\"BreadcrumbList\",\"@id\":\"https:\/\/www.schneebeli.com\/fr\/angebot\/technique-de-scurit\/#breadcrumb\",\"itemListElement\":[{\"@type\":\"ListItem\",\"position\":1,\"name\":\"Home\",\"item\":\"https:\/\/www.schneebeli.com\/fr\/\"},{\"@type\":\"ListItem\",\"position\":2,\"name\":\"Angebot\",\"item\":\"https:\/\/www.schneebeli.com\/fr\/angebot\/\"},{\"@type\":\"ListItem\",\"position\":3,\"name\":\"Technique de s\u00e9curit\u00e9\"}]},{\"@type\":\"WebSite\",\"@id\":\"https:\/\/www.schneebeli.com\/#website\",\"url\":\"https:\/\/www.schneebeli.com\/\",\"name\":\"\",\"description\":\"\",\"potentialAction\":[{\"@type\":\"SearchAction\",\"target\":{\"@type\":\"EntryPoint\",\"urlTemplate\":\"https:\/\/www.schneebeli.com\/?s={search_term_string}\"},\"query-input\":\"required name=search_term_string\"}],\"inLanguage\":\"fr-FR\"}]}<\/script>\n<!-- \/ Yoast SEO plugin. -->","yoast_head_json":{"title":"Technique de s\u00e9curit\u00e9 -","robots":{"index":"index","follow":"follow","max-snippet":"max-snippet:-1","max-image-preview":"max-image-preview:large","max-video-preview":"max-video-preview:-1"},"canonical":"https:\/\/www.schneebeli.com\/fr\/angebot\/technique-de-scurit\/","og_locale":"fr_FR","og_type":"article","og_title":"Technique de s\u00e9curit\u00e9 -","og_description":"Technique de s\u00e9curit\u00e9 Nos produits principaux:","og_url":"https:\/\/www.schneebeli.com\/fr\/angebot\/technique-de-scurit\/","article_modified_time":"2015-11-16T07:26:56+00:00","twitter_card":"summary_large_image","schema":{"@context":"https:\/\/schema.org","@graph":[{"@type":"WebPage","@id":"https:\/\/www.schneebeli.com\/fr\/angebot\/technique-de-scurit\/","url":"https:\/\/www.schneebeli.com\/fr\/angebot\/technique-de-scurit\/","name":"Technique de s\u00e9curit\u00e9 -","isPartOf":{"@id":"https:\/\/www.schneebeli.com\/#website"},"datePublished":"2015-11-11T12:28:33+00:00","dateModified":"2015-11-16T07:26:56+00:00","breadcrumb":{"@id":"https:\/\/www.schneebeli.com\/fr\/angebot\/technique-de-scurit\/#breadcrumb"},"inLanguage":"fr-FR","potentialAction":[{"@type":"ReadAction","target":["https:\/\/www.schneebeli.com\/fr\/angebot\/technique-de-scurit\/"]}]},{"@type":"BreadcrumbList","@id":"https:\/\/www.schneebeli.com\/fr\/angebot\/technique-de-scurit\/#breadcrumb","itemListElement":[{"@type":"ListItem","position":1,"name":"Home","item":"https:\/\/www.schneebeli.com\/fr\/"},{"@type":"ListItem","position":2,"name":"Angebot","item":"https:\/\/www.schneebeli.com\/fr\/angebot\/"},{"@type":"ListItem","position":3,"name":"Technique de s\u00e9curit\u00e9"}]},{"@type":"WebSite","@id":"https:\/\/www.schneebeli.com\/#website","url":"https:\/\/www.schneebeli.com\/","name":"","description":"","potentialAction":[{"@type":"SearchAction","target":{"@type":"EntryPoint","urlTemplate":"https:\/\/www.schneebeli.com\/?s={search_term_string}"},"query-input":"required name=search_term_string"}],"inLanguage":"fr-FR"}]}},"_links":{"self":[{"href":"https:\/\/www.schneebeli.com\/fr\/wp-json\/wp\/v2\/pages\/804"}],"collection":[{"href":"https:\/\/www.schneebeli.com\/fr\/wp-json\/wp\/v2\/pages"}],"about":[{"href":"https:\/\/www.schneebeli.com\/fr\/wp-json\/wp\/v2\/types\/page"}],"author":[{"embeddable":true,"href":"https:\/\/www.schneebeli.com\/fr\/wp-json\/wp\/v2\/users\/11"}],"replies":[{"embeddable":true,"href":"https:\/\/www.schneebeli.com\/fr\/wp-json\/wp\/v2\/comments?post=804"}],"version-history":[{"count":8,"href":"https:\/\/www.schneebeli.com\/fr\/wp-json\/wp\/v2\/pages\/804\/revisions"}],"predecessor-version":[{"id":977,"href":"https:\/\/www.schneebeli.com\/fr\/wp-json\/wp\/v2\/pages\/804\/revisions\/977"}],"up":[{"embeddable":true,"href":"https:\/\/www.schneebeli.com\/fr\/wp-json\/wp\/v2\/pages\/798"}],"wp:attachment":[{"href":"https:\/\/www.schneebeli.com\/fr\/wp-json\/wp\/v2\/media?parent=804"}],"curies":[{"name":"wp","href":"https:\/\/api.w.org\/{rel}","templated":true}]}}